{"id":999,"date":"2023-07-07T07:42:23","date_gmt":"2023-07-07T06:42:23","guid":{"rendered":"https:\/\/eurekalc.com\/empresas\/"},"modified":"2023-09-19T11:35:33","modified_gmt":"2023-09-19T10:35:33","slug":"empreses","status":"publish","type":"page","link":"https:\/\/eurekalc.com\/ca\/empreses\/","title":{"rendered":"Empreses"},"content":{"rendered":"<div class=\"wpb-content-wrapper\"><p>[vc_section full_width=&#8221;stretch_row&#8221; css=&#8221;.vc_custom_1688721325000{padding-top: 0px !important;padding-bottom: 0px !important;background-image: url(https:\/\/eurekalc.com\/wp-content\/uploads\/2023\/07\/2020_03_09-EUREKA-ACADEMIA-70.jpg?id=648) !important;background-position: center !important;background-repeat: no-repeat !important;background-size: cover !important;}&#8221; el_class=&#8221;empresas&#8221;][vc_row full_width=&#8221;stretch_row&#8221; bg_type=&#8221;bg_color&#8221; bg_color_value=&#8221;rgba(0,0,0,0.6)&#8221; css=&#8221;.vc_custom_1688718967479{padding-top: 50px !important;padding-bottom: 50px !important;}&#8221;][vc_column width=&#8221;1\/2&#8243;][vc_column_text el_class=&#8221;text-white&#8221;]<\/p>\n<h1>Angl\u00e8s per<br \/>\nempreses<\/h1>\n<p>Cursos d&#8217;angl\u00e8s per als que treballen de valent.<br \/>\n<span style=\"font-weight: 600;\">Millora el nivell d&#8217;angl\u00e8s de la teva empresa amb els <br class=\"vc_hidden-sm vc_hidden-xs\" \/>cursos 100% bonificables per FUNDAE.<\/span><br \/>\nQu\u00e8 esperes? Demana&#8217;ns informaci\u00f3.[\/vc_column_text][\/vc_column][vc_column width=&#8221;1\/2&#8243;][vc_empty_space height=&#8221;16px&#8221;]\n<div class=\"wpcf7 no-js\" id=\"wpcf7-f1005-o1\" lang=\"ca\" dir=\"ltr\" data-wpcf7-id=\"1005\">\n<div class=\"screen-reader-response\"><p role=\"status\" aria-live=\"polite\" aria-atomic=\"true\"><\/p> <ul><\/ul><\/div>\n<form action=\"\/ca\/wp-json\/wp\/v2\/pages\/999#wpcf7-f1005-o1\" method=\"post\" class=\"wpcf7-form init\" aria-label=\"Formulari de contacte\" novalidate=\"novalidate\" data-status=\"init\">\n<fieldset class=\"hidden-fields-container\"><input type=\"hidden\" name=\"_wpcf7\" value=\"1005\" \/><input type=\"hidden\" name=\"_wpcf7_version\" value=\"6.1.5\" \/><input type=\"hidden\" name=\"_wpcf7_locale\" value=\"ca\" \/><input type=\"hidden\" name=\"_wpcf7_unit_tag\" value=\"wpcf7-f1005-o1\" \/><input type=\"hidden\" name=\"_wpcf7_container_post\" value=\"0\" \/><input type=\"hidden\" name=\"_wpcf7_posted_data_hash\" value=\"\" \/><input type=\"hidden\" name=\"_wpcf7_recaptcha_response\" value=\"\" \/>\n<\/fieldset>\n<div class=\"mad_cf7\">\n\t<div class=\"vc_col-xs-12\">\n\t\t<h4>Demana'ns la informaci\u00f3 que necessitis\n\t\t<\/h4>\n\t<\/div>\n\t<p><span class=\"wpcf7-form-control-wrap\" data-name=\"tu-nombre\"><input size=\"40\" maxlength=\"400\" class=\"wpcf7-form-control wpcf7-text wpcf7-validates-as-required\" aria-required=\"true\" aria-invalid=\"false\" placeholder=\"Nom *\" value=\"\" type=\"text\" name=\"tu-nombre\" \/><\/span><br \/>\n<span class=\"wpcf7-form-control-wrap\" data-name=\"tu-tel\"><input size=\"40\" maxlength=\"400\" class=\"wpcf7-form-control wpcf7-tel wpcf7-text wpcf7-validates-as-tel\" aria-invalid=\"false\" placeholder=\"Tel\u00e8fon *\" value=\"\" type=\"tel\" name=\"tu-tel\" \/><\/span>\n\t<\/p>\n\t<p><span class=\"wpcf7-form-control-wrap\" data-name=\"tu-email\"><input size=\"40\" maxlength=\"400\" class=\"wpcf7-form-control wpcf7-email wpcf7-validates-as-required wpcf7-text wpcf7-validates-as-email\" aria-required=\"true\" aria-invalid=\"false\" placeholder=\"Correu electr\u00f2nic *\" value=\"\" type=\"email\" name=\"tu-email\" \/><\/span><br \/>\n<span class=\"wpcf7-form-control-wrap\" data-name=\"tu-empresa\"><input size=\"40\" maxlength=\"400\" class=\"wpcf7-form-control wpcf7-text wpcf7-validates-as-required\" aria-required=\"true\" aria-invalid=\"false\" placeholder=\"Empresa *\" value=\"\" type=\"text\" name=\"tu-empresa\" \/><\/span>\n\t<\/p>\n\t<div style=\"clear: both\">\n\t<\/div>\n\t<p><span class=\"wpcf7-form-control-wrap\" data-name=\"tu-mensaje\"><textarea cols=\"40\" rows=\"4\" maxlength=\"2000\" class=\"wpcf7-form-control wpcf7-textarea wpcf7-validates-as-required\" aria-required=\"true\" aria-invalid=\"false\" placeholder=\"El teu missate *\" name=\"tu-mensaje\"><\/textarea><\/span>\n\t<\/p>\n\t<p><span class=\"obligatorios\">* camps obligatoris<\/span>\n\t<\/p>\n\t<p><span class=\"wpcf7-form-control-wrap\" data-name=\"acceptance-310\"><span class=\"wpcf7-form-control wpcf7-acceptance\"><span class=\"wpcf7-list-item\"><label><input type=\"checkbox\" name=\"acceptance-310\" value=\"1\" class=\"accept\" aria-invalid=\"false\" \/><span class=\"wpcf7-list-item-label\">He lleit i accepto la<a href=\"https:\/\/eurekalc.com\/ca\/politica-de-privacitat\/\">Pol\u00edtica de privacitat<\/a>.<\/span><\/label><\/span><\/span><\/span>\n\t<\/p>\n\t<p><input class=\"wpcf7-form-control wpcf7-submit has-spinner c7b_boton-enviar\" type=\"submit\" value=\"Enviar\" \/>\n\t<\/p>\n<\/div><div class=\"wpcf7-response-output\" aria-hidden=\"true\"><\/div>\n<\/form>\n<\/div>\n[\/vc_column][\/vc_row][\/vc_section][vc_section el_class=&#8221;empresas&#8221;][vc_row gap=&#8221;30&#8243; equal_height=&#8221;yes&#8221; css=&#8221;.vc_custom_1688722055754{padding-top: 50px !important;padding-bottom: 50px !important;}&#8221;][vc_column width=&#8221;1\/2&#8243;][vc_column_text]<\/p>\n<div class=\"et_pb_module et_pb_text et_pb_text_1 et_pb_text_align_left et_pb_bg_layout_light\">\n<div class=\"et_pb_text_inner\">\n<h2>Cursos d&#8217;angl\u00e8s per a les empreses<\/h2>\n<h3>100% bonificables amb la fundaci\u00f3 FUNDAE<\/h3>\n<p>Amb una <strong>\u00e0mplia experi\u00e8ncia a l&#8217;ensenyament de l&#8217;angl\u00e8s aplicat a diferents sectors<\/strong>, oferim els millors serveis ling\u00fc\u00edstics a les empreses en forma de classes, traduccions, formaci\u00f3 de personal o comunicaci\u00f3 interempresarial.<\/p>\n<p>A Eureka! sabem que cada empresa i sector \u00e9s un m\u00f3n. Per aix\u00f2, <strong>oferim cursos totalment personalitzats a les necessitats del teu equip<\/strong> per aconseguir els millors resultats amb professors nadius.<\/p>\n<\/div>\n<\/div>\n<p>[\/vc_column_text][vc_empty_space][vc_column_text]<\/p>\n<div class=\"et_pb_module et_pb_text et_pb_text_1 et_pb_text_align_left et_pb_bg_layout_light\">\n<div class=\"et_pb_text_inner\">\n<h3>Objectius<\/h3>\n<p>A Eureka! estem molt involucrats en el proc\u00e9s dels nostres alumnes i volem que aconsegueixis:<\/p>\n<ul>\n<li>Dominar les quatre destreses b\u00e0siques de l&#8217;angl\u00e8s: Reading, Listening, Writing i Speaking.<\/li>\n<li>Desenvolupar un bon nivell ling\u00fc\u00edstic en el context empresarial amb un enfocament comunicatiu.<\/li>\n<li>Guanyar flu\u00efdesa i perdre la por d&#8217;interactuar mitjan\u00e7ant l&#8217;expressi\u00f3 oral.<\/li>\n<\/ul>\n<\/div>\n<\/div>\n<p>[\/vc_column_text][\/vc_column][vc_column width=&#8221;1\/2&#8243; css=&#8221;.vc_custom_1688721566159{background-image: url(https:\/\/eurekalc.com\/wp-content\/uploads\/2023\/07\/2020_03_09-EUREKA-ACADEMIA-66-scaled-1.jpg?id=663) !important;background-position: center !important;background-repeat: no-repeat !important;background-size: cover !important;}&#8221; offset=&#8221;vc_hidden-sm vc_hidden-xs&#8221;][\/vc_column][\/vc_row][vc_row gap=&#8221;30&#8243; equal_height=&#8221;yes&#8221;][vc_column width=&#8221;2\/3&#8243;][vc_column_text]<\/p>\n<div class=\"et_pb_module et_pb_text et_pb_text_1 et_pb_text_align_left et_pb_bg_layout_light\">\n<div class=\"et_pb_text_inner\">\n<p>Els cursos per a empreses s\u00f3n <strong>bonificables fins al 100%<\/strong>, gr\u00e0cies als cr\u00e8dits de <strong>FUNDAE (antigament Tripartita)<\/strong>, amb qu\u00e8 Eureka! est\u00e0 registrada com a entitat organitzadora i formadora.<\/p>\n<\/div>\n<\/div>\n<p>[\/vc_column_text][vc_raw_html]JTNDYSUyMHN0eWxlJTNEJTIybWFyZ2luLWxlZnQlM0ElMjB1bnNldCUyMiUyMGNsYXNzJTNEJTIybWFkX2J0bi0xJTIyJTIwaHJlZiUzRCUyMmh0dHBzJTNBJTJGJTJGd3d3LmZ1bmRhZS5lcyUyRiUyMiUzRU0lQzMlQTlzJTIwaW5mb3JtYWNpJUMzJUIzJTNDJTJGYSUzRQ==[\/vc_raw_html][\/vc_column][vc_column width=&#8221;1\/3&#8243;][vc_single_image image=&#8221;668&#8243; img_size=&#8221;medium&#8221; alignment=&#8221;center&#8221;][\/vc_column][\/vc_row][\/vc_section][vc_section full_width=&#8221;stretch_row&#8221; css=&#8221;.vc_custom_1688722785919{background-color: rgba(255,111,97,0.2) !important;*background-color: rgb(255,111,97) !important;}&#8221; el_class=&#8221;empresas&#8221;][vc_row css=&#8221;.vc_custom_1688722575865{padding-top: 50px !important;padding-bottom: 50px !important;}&#8221;][vc_column][vc_column_text css=&#8221;.vc_custom_1695118929679{padding-bottom: 40px !important;}&#8221;]<\/p>\n<h2 style=\"text-align: center;\">Com ho fem?<\/h2>\n<p style=\"text-align: center;\">La nostra metodologia se centra en les necessitats de la teva empresa<\/p>\n<p>[\/vc_column_text][vc_row_inner][vc_column_inner width=&#8221;1\/3&#8243;][vc_column_text]<\/p>\n<div class=\"et_pb_module et_pb_text et_pb_text_1 et_pb_text_align_left et_pb_bg_layout_light\">\n<div class=\"et_pb_text_inner\">\n<h3>PAS 1<\/h3>\n<p>Analitzem i avaluem el <strong>nivell d&#8217;angl\u00e8s i necessitats<\/strong> concretes del teu equip.<\/p>\n<\/div>\n<\/div>\n<p>[\/vc_column_text][\/vc_column_inner][vc_column_inner width=&#8221;1\/3&#8243;][vc_column_text]<\/p>\n<div class=\"et_pb_module et_pb_text et_pb_text_1 et_pb_text_align_left et_pb_bg_layout_light\">\n<div class=\"et_pb_text_inner\">\n<h3>PAS 2<\/h3>\n<p><strong>Desenvolupem un pla d&#8217;estudis personalitzat<\/strong> segons els vostres objectius empresarials.<\/p>\n<\/div>\n<\/div>\n<p>[\/vc_column_text][\/vc_column_inner][vc_column_inner width=&#8221;1\/3&#8243;][vc_column_text]<\/p>\n<div class=\"et_pb_module et_pb_text et_pb_text_1 et_pb_text_align_left et_pb_bg_layout_light\">\n<div class=\"et_pb_text_inner\">\n<h3>PAS 3<\/h3>\n<p>Portem un <strong>control i un seguiment per garantir l&#8217;evoluci\u00f3 del teu equip.<\/strong><\/p>\n<\/div>\n<\/div>\n<p>[\/vc_column_text][\/vc_column_inner][\/vc_row_inner][\/vc_column][\/vc_row][\/vc_section]<\/p>\n<\/div>","protected":false},"excerpt":{"rendered":"<p>[vc_section full_width=&#8221;stretch_row&#8221; css=&#8221;.vc_custom_1688721325000{padding-top: 0px !important;padding-bottom: 0px !important;background-image: url(https:\/\/eurekalc.com\/wp-content\/uploads\/2023\/07\/2020_03_09-EUREKA-ACADEMIA-70.jpg?id=648) !important;background-position: center !important;background-repeat: no-repeat !important;background-size: cover !important;}&#8221; el_class=&#8221;empresas&#8221;][vc_row full_width=&#8221;stretch_row&#8221; bg_type=&#8221;bg_color&#8221; bg_color_value=&#8221;rgba(0,0,0,0.6)&#8221; css=&#8221;.vc_custom_1688718967479{padding-top: 50px !important;padding-bottom: 50px !important;}&#8221;][vc_column width=&#8221;1\/2&#8243;][vc_column_text el_class=&#8221;text-white&#8221;] Angl\u00e8s per empreses Cursos d&#8217;angl\u00e8s per als que treballen de valent. Millora el nivell d&#8217;angl\u00e8s de la teva empresa amb els cursos 100% bonificables per FUNDAE. Qu\u00e8 esperes? Demana&#8217;ns informaci\u00f3.[\/vc_column_text][\/vc_column][vc_column width=&#8221;1\/2&#8243;][vc_empty_space height=&#8221;16px&#8221;][\/vc_column][\/vc_row][\/vc_section][vc_section el_class=&#8221;empresas&#8221;][vc_row gap=&#8221;30&#8243; &#8230; <\/p>\n<p class=\"read-more-container\"><a title=\"Empreses\" class=\"read-more button\" href=\"https:\/\/eurekalc.com\/ca\/empreses\/#more-999\" aria-label=\"M\u00e9s informaci\u00f3 sobre Empreses\">Llegir m\u00e9s<\/a><\/p>\n","protected":false},"author":3,"featured_media":0,"parent":0,"menu_order":0,"comment_status":"closed","ping_status":"closed","template":"","meta":{"_acf_changed":false,"footnotes":""},"class_list":{"0":"post-999","1":"page","2":"type-page","3":"status-publish","5":"infinite-scroll-item"},"acf":[],"yoast_head":"<!-- This site is optimized with the Yoast SEO plugin v27.2 - https:\/\/yoast.com\/product\/yoast-seo-wordpress\/ -->\n<title>Empreses - Eureka! Language Centre<\/title>\n<meta name=\"robots\" content=\"index, follow, max-snippet:-1, max-image-preview:large, max-video-preview:-1\" \/>\n<link rel=\"canonical\" href=\"https:\/\/eurekalc.com\/ca\/empreses\/\" \/>\n<meta property=\"og:locale\" content=\"ca_ES\" \/>\n<meta property=\"og:type\" content=\"article\" \/>\n<meta property=\"og:title\" content=\"Empreses - Eureka! Language Centre\" \/>\n<meta property=\"og:description\" content=\"[vc_section full_width=&#8221;stretch_row&#8221; css=&#8221;.vc_custom_1688721325000{padding-top: 0px !important;padding-bottom: 0px !important;background-image: url(https:\/\/eurekalc.com\/wp-content\/uploads\/2023\/07\/2020_03_09-EUREKA-ACADEMIA-70.jpg?id=648) !important;background-position: center !important;background-repeat: no-repeat !important;background-size: cover !important;}&#8221; el_class=&#8221;empresas&#8221;][vc_row full_width=&#8221;stretch_row&#8221; bg_type=&#8221;bg_color&#8221; bg_color_value=&#8221;rgba(0,0,0,0.6)&#8221; css=&#8221;.vc_custom_1688718967479{padding-top: 50px !important;padding-bottom: 50px !important;}&#8221;][vc_column width=&#8221;1\/2&#8243;][vc_column_text el_class=&#8221;text-white&#8221;] Angl\u00e8s per empreses Cursos d&#8217;angl\u00e8s per als que treballen de valent. Millora el nivell d&#8217;angl\u00e8s de la teva empresa amb els cursos 100% bonificables per FUNDAE. Qu\u00e8 esperes? Demana&#8217;ns informaci\u00f3.[\/vc_column_text][\/vc_column][vc_column width=&#8221;1\/2&#8243;][vc_empty_space height=&#8221;16px&#8221;][\/vc_column][\/vc_row][\/vc_section][vc_section el_class=&#8221;empresas&#8221;][vc_row gap=&#8221;30&#8243; ... Llegir m\u00e9s\" \/>\n<meta property=\"og:url\" content=\"https:\/\/eurekalc.com\/ca\/empreses\/\" \/>\n<meta property=\"og:site_name\" content=\"Eureka! Language Centre\" \/>\n<meta property=\"article:modified_time\" content=\"2023-09-19T10:35:33+00:00\" \/>\n<meta property=\"og:image\" content=\"https:\/\/eurekalc.com\/wp-content\/uploads\/2023\/04\/logo-Eureka.png\" \/>\n\t<meta property=\"og:image:width\" content=\"478\" \/>\n\t<meta property=\"og:image:height\" content=\"401\" \/>\n\t<meta property=\"og:image:type\" content=\"image\/png\" \/>\n<meta name=\"twitter:card\" content=\"summary_large_image\" \/>\n<meta name=\"twitter:label1\" content=\"Temps estimat de lectura\" \/>\n\t<meta name=\"twitter:data1\" content=\"3 minuts\" \/>\n<script type=\"application\/ld+json\" class=\"yoast-schema-graph\">{\"@context\":\"https:\/\/schema.org\",\"@graph\":[{\"@type\":\"WebPage\",\"@id\":\"https:\/\/eurekalc.com\/ca\/empreses\/\",\"url\":\"https:\/\/eurekalc.com\/ca\/empreses\/\",\"name\":\"Empreses - Eureka! Language Centre\",\"isPartOf\":{\"@id\":\"https:\/\/eurekalc.com\/ca\/#website\"},\"datePublished\":\"2023-07-07T06:42:23+00:00\",\"dateModified\":\"2023-09-19T10:35:33+00:00\",\"breadcrumb\":{\"@id\":\"https:\/\/eurekalc.com\/ca\/empreses\/#breadcrumb\"},\"inLanguage\":\"ca\",\"potentialAction\":[{\"@type\":\"ReadAction\",\"target\":[\"https:\/\/eurekalc.com\/ca\/empreses\/\"]}]},{\"@type\":\"BreadcrumbList\",\"@id\":\"https:\/\/eurekalc.com\/ca\/empreses\/#breadcrumb\",\"itemListElement\":[{\"@type\":\"ListItem\",\"position\":1,\"name\":\"Portada\",\"item\":\"https:\/\/eurekalc.com\/ca\/\"},{\"@type\":\"ListItem\",\"position\":2,\"name\":\"Empreses\"}]},{\"@type\":\"WebSite\",\"@id\":\"https:\/\/eurekalc.com\/ca\/#website\",\"url\":\"https:\/\/eurekalc.com\/ca\/\",\"name\":\"Eureka! Language Centre\",\"description\":\"\",\"publisher\":{\"@id\":\"https:\/\/eurekalc.com\/ca\/#organization\"},\"potentialAction\":[{\"@type\":\"SearchAction\",\"target\":{\"@type\":\"EntryPoint\",\"urlTemplate\":\"https:\/\/eurekalc.com\/ca\/?s={search_term_string}\"},\"query-input\":{\"@type\":\"PropertyValueSpecification\",\"valueRequired\":true,\"valueName\":\"search_term_string\"}}],\"inLanguage\":\"ca\"},{\"@type\":\"Organization\",\"@id\":\"https:\/\/eurekalc.com\/ca\/#organization\",\"name\":\"Eureka! Language Centre\",\"alternateName\":\"Eureka!\",\"url\":\"https:\/\/eurekalc.com\/ca\/\",\"logo\":{\"@type\":\"ImageObject\",\"inLanguage\":\"ca\",\"@id\":\"https:\/\/eurekalc.com\/ca\/#\/schema\/logo\/image\/\",\"url\":\"https:\/\/eurekalc.com\/wp-content\/uploads\/2023\/04\/cropped-logo-Eureka.png\",\"contentUrl\":\"https:\/\/eurekalc.com\/wp-content\/uploads\/2023\/04\/cropped-logo-Eureka.png\",\"width\":273,\"height\":276,\"caption\":\"Eureka! Language Centre\"},\"image\":{\"@id\":\"https:\/\/eurekalc.com\/ca\/#\/schema\/logo\/image\/\"},\"sameAs\":[\"https:\/\/www.instagram.com\/eurekalc\/\"]}]}<\/script>\n<!-- \/ Yoast SEO plugin. -->","yoast_head_json":{"title":"Empreses - Eureka! Language Centre","robots":{"index":"index","follow":"follow","max-snippet":"max-snippet:-1","max-image-preview":"max-image-preview:large","max-video-preview":"max-video-preview:-1"},"canonical":"https:\/\/eurekalc.com\/ca\/empreses\/","og_locale":"ca_ES","og_type":"article","og_title":"Empreses - Eureka! Language Centre","og_description":"[vc_section full_width=&#8221;stretch_row&#8221; css=&#8221;.vc_custom_1688721325000{padding-top: 0px !important;padding-bottom: 0px !important;background-image: url(https:\/\/eurekalc.com\/wp-content\/uploads\/2023\/07\/2020_03_09-EUREKA-ACADEMIA-70.jpg?id=648) !important;background-position: center !important;background-repeat: no-repeat !important;background-size: cover !important;}&#8221; el_class=&#8221;empresas&#8221;][vc_row full_width=&#8221;stretch_row&#8221; bg_type=&#8221;bg_color&#8221; bg_color_value=&#8221;rgba(0,0,0,0.6)&#8221; css=&#8221;.vc_custom_1688718967479{padding-top: 50px !important;padding-bottom: 50px !important;}&#8221;][vc_column width=&#8221;1\/2&#8243;][vc_column_text el_class=&#8221;text-white&#8221;] Angl\u00e8s per empreses Cursos d&#8217;angl\u00e8s per als que treballen de valent. Millora el nivell d&#8217;angl\u00e8s de la teva empresa amb els cursos 100% bonificables per FUNDAE. Qu\u00e8 esperes? Demana&#8217;ns informaci\u00f3.[\/vc_column_text][\/vc_column][vc_column width=&#8221;1\/2&#8243;][vc_empty_space height=&#8221;16px&#8221;][\/vc_column][\/vc_row][\/vc_section][vc_section el_class=&#8221;empresas&#8221;][vc_row gap=&#8221;30&#8243; ... Llegir m\u00e9s","og_url":"https:\/\/eurekalc.com\/ca\/empreses\/","og_site_name":"Eureka! Language Centre","article_modified_time":"2023-09-19T10:35:33+00:00","og_image":[{"width":478,"height":401,"url":"https:\/\/eurekalc.com\/wp-content\/uploads\/2023\/04\/logo-Eureka.png","type":"image\/png"}],"twitter_card":"summary_large_image","twitter_misc":{"Temps estimat de lectura":"3 minuts"},"schema":{"@context":"https:\/\/schema.org","@graph":[{"@type":"WebPage","@id":"https:\/\/eurekalc.com\/ca\/empreses\/","url":"https:\/\/eurekalc.com\/ca\/empreses\/","name":"Empreses - Eureka! Language Centre","isPartOf":{"@id":"https:\/\/eurekalc.com\/ca\/#website"},"datePublished":"2023-07-07T06:42:23+00:00","dateModified":"2023-09-19T10:35:33+00:00","breadcrumb":{"@id":"https:\/\/eurekalc.com\/ca\/empreses\/#breadcrumb"},"inLanguage":"ca","potentialAction":[{"@type":"ReadAction","target":["https:\/\/eurekalc.com\/ca\/empreses\/"]}]},{"@type":"BreadcrumbList","@id":"https:\/\/eurekalc.com\/ca\/empreses\/#breadcrumb","itemListElement":[{"@type":"ListItem","position":1,"name":"Portada","item":"https:\/\/eurekalc.com\/ca\/"},{"@type":"ListItem","position":2,"name":"Empreses"}]},{"@type":"WebSite","@id":"https:\/\/eurekalc.com\/ca\/#website","url":"https:\/\/eurekalc.com\/ca\/","name":"Eureka! Language Centre","description":"","publisher":{"@id":"https:\/\/eurekalc.com\/ca\/#organization"},"potentialAction":[{"@type":"SearchAction","target":{"@type":"EntryPoint","urlTemplate":"https:\/\/eurekalc.com\/ca\/?s={search_term_string}"},"query-input":{"@type":"PropertyValueSpecification","valueRequired":true,"valueName":"search_term_string"}}],"inLanguage":"ca"},{"@type":"Organization","@id":"https:\/\/eurekalc.com\/ca\/#organization","name":"Eureka! Language Centre","alternateName":"Eureka!","url":"https:\/\/eurekalc.com\/ca\/","logo":{"@type":"ImageObject","inLanguage":"ca","@id":"https:\/\/eurekalc.com\/ca\/#\/schema\/logo\/image\/","url":"https:\/\/eurekalc.com\/wp-content\/uploads\/2023\/04\/cropped-logo-Eureka.png","contentUrl":"https:\/\/eurekalc.com\/wp-content\/uploads\/2023\/04\/cropped-logo-Eureka.png","width":273,"height":276,"caption":"Eureka! Language Centre"},"image":{"@id":"https:\/\/eurekalc.com\/ca\/#\/schema\/logo\/image\/"},"sameAs":["https:\/\/www.instagram.com\/eurekalc\/"]}]}},"_links":{"self":[{"href":"https:\/\/eurekalc.com\/ca\/wp-json\/wp\/v2\/pages\/999","targetHints":{"allow":["GET"]}}],"collection":[{"href":"https:\/\/eurekalc.com\/ca\/wp-json\/wp\/v2\/pages"}],"about":[{"href":"https:\/\/eurekalc.com\/ca\/wp-json\/wp\/v2\/types\/page"}],"author":[{"embeddable":true,"href":"https:\/\/eurekalc.com\/ca\/wp-json\/wp\/v2\/users\/3"}],"replies":[{"embeddable":true,"href":"https:\/\/eurekalc.com\/ca\/wp-json\/wp\/v2\/comments?post=999"}],"version-history":[{"count":4,"href":"https:\/\/eurekalc.com\/ca\/wp-json\/wp\/v2\/pages\/999\/revisions"}],"predecessor-version":[{"id":1004,"href":"https:\/\/eurekalc.com\/ca\/wp-json\/wp\/v2\/pages\/999\/revisions\/1004"}],"wp:attachment":[{"href":"https:\/\/eurekalc.com\/ca\/wp-json\/wp\/v2\/media?parent=999"}],"curies":[{"name":"wp","href":"https:\/\/api.w.org\/{rel}","templated":true}]}}