{"id":287,"date":"2023-03-28T09:08:18","date_gmt":"2023-03-28T08:08:18","guid":{"rendered":"https:\/\/app.dev.madsys.com\/mad-base\/inicio\/"},"modified":"2023-09-20T10:21:32","modified_gmt":"2023-09-20T09:21:32","slug":"inicio","status":"publish","type":"page","link":"https:\/\/eurekalc.com\/ca\/inicio\/","title":{"rendered":"Inici"},"content":{"rendered":"<div class=\"wpb-content-wrapper\"><p>[vc_section full_width=&#8221;stretch_row&#8221; el_id=&#8221;home-slider&#8221;][vc_row][vc_column]\n\t\t\t\t<p class=\"rs-p-wp-fix\"><\/p>\n\t\t\t\t<sr7-module data-alias=\"home-1\" data-id=\"1\" id=\"SR7_1_1\" class=\"rs-ov-hidden\" data-version=\"6.7.51\">\n\t\t\t\t\t<sr7-adjuster><\/sr7-adjuster>\n\t\t\t\t\t<sr7-content>\n\t\t\t\t\t\t<sr7-slide id=\"SR7_1_1-2\" data-key=\"2\">\n\t\t\t\t\t\t\t<sr7-bg id=\"SR7_1_1-2-6\" class=\"sr7-layer\"><noscript><img decoding=\"async\" src=\"https:\/\/eurekalc.com\/wp-content\/uploads\/2023\/04\/maestra-hablando-sus-alumnos-linea-scaled.jpg\" alt=\"\" title=\"\"><\/noscript><\/sr7-bg>\n\t\t\t\t\t\t\t<sr7-txt id=\"SR7_1_1-2-0\" class=\"sr7-layer\">Cursos Online Interactivos<\/sr7-txt>\n\t\t\t\t\t\t\t<sr7-txt id=\"SR7_1_1-2-2\" class=\"sr7-layer\">M\u00e1s informaci\u00f3n <i class=\"fa-chevron-right\"><\/i><\/sr7-txt>\n\t\t\t\t\t\t<\/sr7-slide>\n\t\t\t\t\t\t<sr7-slide id=\"SR7_1_1-1\" data-key=\"1\">\n\t\t\t\t\t\t\t<sr7-bg id=\"SR7_1_1-1-9\" class=\"sr7-layer\"><noscript><img decoding=\"async\" src=\"https:\/\/eurekalc.com\/wp-content\/uploads\/2023\/04\/concepto-estudio-inteligencia-aprendizaje-ideas-educacion-scaled.jpg\" alt=\"\" title=\"\"><\/noscript><\/sr7-bg>\n\t\t\t\t\t\t\t<sr7-txt id=\"SR7_1_1-1-3\" class=\"sr7-layer\">M\u00e1s informaci\u00f3n <i class=\"fa-chevron-right\"><\/i><\/sr7-txt>\n\t\t\t\t\t\t\t<sr7-txt id=\"SR7_1_1-1-8\" class=\"sr7-layer\">Grupos Reducidos<\/sr7-txt>\n\t\t\t\t\t\t<\/sr7-slide>\n\t\t\t\t\t\t<sr7-slide id=\"SR7_1_1-7\" data-key=\"7\">\n\t\t\t\t\t\t<\/sr7-slide>\n\t\t\t\t\t<\/sr7-content>\n\t\t\t\t\t<image_lists style=\"display:none\">\n\t\t\t\t\t\t<img data-src=\"\/\/eurekalc.com\/wp-content\/uploads\/2023\/04\/concepto-estudio-inteligencia-aprendizaje-ideas-educacion-scaled.jpg\" data-libid=\"363\" data-lib=\"medialibrary\" width=\"0\" height=\"0\" data-dbsrc=\"Ly9ldXJla2FsYy5jb20vd3AtY29udGVudC91cGxvYWRzLzIwMjMvMDQvY29uY2VwdG8tZXN0dWRpby1pbnRlbGlnZW5jaWEtYXByZW5kaXphamUtaWRlYXMtZWR1Y2FjaW9uLXNjYWxlZC5qcGc=\"\/>\n\t\t\t\t\t\t<img data-src=\"\/\/eurekalc.com\/wp-content\/uploads\/2023\/04\/maestra-hablando-sus-alumnos-linea-scaled.jpg\" data-libid=\"366\" data-lib=\"medialibrary\" width=\"0\" height=\"0\" data-dbsrc=\"Ly9ldXJla2FsYy5jb20vd3AtY29udGVudC91cGxvYWRzLzIwMjMvMDQvbWFlc3RyYS1oYWJsYW5kby1zdXMtYWx1bW5vcy1saW5lYS1zY2FsZWQuanBn\"\/>\n\t\t\t\t\t<\/image_lists>\n\t\t\t\t<\/sr7-module>\n\t\t\t\t<script>\n\t\t\t\t\twindow.SR7 ??={};SR7.PMH ??={}; SR7.PMH[\"SR7_1_1\"] = {cn:100,state:false,fn: function() { if (window._tpt!==undefined && window._tpt.prepareModuleHeight !== undefined) {  _tpt.prepareModuleHeight({id:\"SR7_1_1\",el:[600,600,768,960,720],type:'standard',shdw:'0',gh:[600,600,,,],gw:[1240,1240,1024,778,480],vpt:['100px'],size:{fullWidth:true, fullHeight:false},mh:'0',onh:0,onw:0,bg:{color:'{\"orig\":\"transparent\",\"type\":\"solid\",\"string\":\"transparent\"}'}});   SR7.PMH[\"SR7_1_1\"].state=true;} else if(SR7.PMH[\"SR7_1_1\"].cn-->0)\tsetTimeout( SR7.PMH[\"SR7_1_1\"].fn,19);}};SR7.PMH[\"SR7_1_1\" ].fn();\n\t\t\t\t<\/script>\n[vc_empty_space height=&#8221;64px&#8221;][\/vc_column][\/vc_row][\/vc_section][vc_section el_id=&#8221;intro&#8221;][vc_row][vc_column][vc_column_text el_class=&#8221;mad_section-title-1&#8243;]<\/p>\n<h2 style=\"text-align: center;\">Eureka! Language Centre Barcelona<\/h2>\n<p>[\/vc_column_text][vc_column_text el_class=&#8221;mad_lg&#8221;]<\/p>\n<p style=\"text-align: center;\">Eureka! Language Centre Barcelona \u00e9s un nou centre d&#8217;idiomes al cor de Barcelona, \u200b\u200bgestionat per un equip din\u00e0mic, jove i entusiasta.<\/p>\n<p>[\/vc_column_text][vc_empty_space height=&#8221;64px&#8221;][\/vc_column][\/vc_row][\/vc_section][vc_section el_id=&#8221;test-nivel&#8221;][vc_row equal_height=&#8221;yes&#8221; content_placement=&#8221;middle&#8221; css=&#8221;.vc_custom_1682426696141{background-color: #e7e7e7 !important;}&#8221;][vc_column parallax=&#8221;content-moving&#8221; parallax_image=&#8221;385&#8243; parallax_speed_bg=&#8221;1.8&#8243; width=&#8221;1\/2&#8243;][\/vc_column][vc_column width=&#8221;1\/2&#8243;][vc_empty_space height=&#8221;64px&#8221;][vc_column_text]<\/p>\n<h2 style=\"text-align: center;\"><i class=\"fa-solid fa-spell-check\"><\/i> TEST DE NIVELL<\/h2>\n<p style=\"text-align: center;\">Voleu saber quin \u00e9s el vostre nivell d&#8217;angl\u00e8s? Realitza aquest q\u00fcestionari i et veur\u00e0s els resultats un cop acabat el test.<\/p>\n<p>[\/vc_column_text][vc_column_text el_class=&#8221;mad_btn-1&#8243;]<\/p>\n<p style=\"text-align: center;\">Empezar Test<\/p>\n<p>[\/vc_column_text][vc_empty_space height=&#8221;64px&#8221;][\/vc_column][\/vc_row][\/vc_section][vc_section el_id=&#8221;cursos&#8221;][vc_row][vc_column][vc_column_text el_class=&#8221;mad_section-title-1&#8243;]<\/p>\n<h2 style=\"text-align: center;\">Cursos Intensius<\/h2>\n<p>[\/vc_column_text][vc_basic_grid post_type=&#8221;cursos&#8221; max_items=&#8221;6&#8243; item=&#8221;477&#8243; grid_id=&#8221;vc_gid:1695201616993-f2309c2c-581e-1&#8243;][\/vc_column][\/vc_row][\/vc_section][vc_section el_id=&#8221;blog&#8221;][vc_row full_width=&#8221;stretch_row&#8221; el_class=&#8221;mad_grid-news&#8221;][vc_column][vc_column_text el_class=&#8221;mad_section-title-1&#8243;]<\/p>\n<h2 style=\"text-align: center;\">Not\u00edcies \/ Eureka Lab<\/h2>\n<p>[\/vc_column_text][vc_basic_grid post_type=&#8221;post&#8221; max_items=&#8221;4&#8243; element_width=&#8221;3&#8243; item=&#8221;436&#8243; grid_id=&#8221;vc_gid:1695201616995-05715186-63c6-6&#8243;][\/vc_column][\/vc_row][\/vc_section]<\/p>\n<\/div>","protected":false},"excerpt":{"rendered":"<p>[vc_section full_width=&#8221;stretch_row&#8221; el_id=&#8221;home-slider&#8221;][vc_row][vc_column][vc_empty_space height=&#8221;64px&#8221;][\/vc_column][\/vc_row][\/vc_section][vc_section el_id=&#8221;intro&#8221;][vc_row][vc_column][vc_column_text el_class=&#8221;mad_section-title-1&#8243;] Eureka! Language Centre Barcelona [\/vc_column_text][vc_column_text el_class=&#8221;mad_lg&#8221;] Eureka! Language Centre Barcelona \u00e9s un nou centre d&#8217;idiomes al cor de Barcelona, \u200b\u200bgestionat per un equip din\u00e0mic, jove i entusiasta. [\/vc_column_text][vc_empty_space height=&#8221;64px&#8221;][\/vc_column][\/vc_row][\/vc_section][vc_section el_id=&#8221;test-nivel&#8221;][vc_row equal_height=&#8221;yes&#8221; content_placement=&#8221;middle&#8221; css=&#8221;.vc_custom_1682426696141{background-color: #e7e7e7 !important;}&#8221;][vc_column parallax=&#8221;content-moving&#8221; parallax_image=&#8221;385&#8243; parallax_speed_bg=&#8221;1.8&#8243; width=&#8221;1\/2&#8243;][\/vc_column][vc_column width=&#8221;1\/2&#8243;][vc_empty_space height=&#8221;64px&#8221;][vc_column_text] TEST DE NIVELL Voleu saber quin \u00e9s el vostre nivell d&#8217;angl\u00e8s? Realitza aquest &#8230; <\/p>\n<p class=\"read-more-container\"><a title=\"Inici\" class=\"read-more button\" href=\"https:\/\/eurekalc.com\/ca\/inicio\/#more-287\" aria-label=\"M\u00e9s informaci\u00f3 sobre Inici\">Llegir m\u00e9s<\/a><\/p>\n","protected":false},"author":4,"featured_media":0,"parent":0,"menu_order":0,"comment_status":"closed","ping_status":"closed","template":"","meta":{"_acf_changed":false,"footnotes":""},"class_list":{"0":"post-287","1":"page","2":"type-page","3":"status-publish","5":"infinite-scroll-item"},"acf":[],"yoast_head":"<!-- This site is optimized with the Yoast SEO plugin v27.2 - https:\/\/yoast.com\/product\/yoast-seo-wordpress\/ -->\n<title>Inici - Eureka! Language Centre<\/title>\n<meta name=\"robots\" content=\"index, follow, max-snippet:-1, max-image-preview:large, max-video-preview:-1\" \/>\n<link rel=\"canonical\" href=\"https:\/\/eurekalc.com\/ca\/inicio\/\" \/>\n<meta property=\"og:locale\" content=\"ca_ES\" \/>\n<meta property=\"og:type\" content=\"article\" \/>\n<meta property=\"og:title\" content=\"Inici - Eureka! Language Centre\" \/>\n<meta property=\"og:description\" content=\"[vc_section full_width=&#8221;stretch_row&#8221; el_id=&#8221;home-slider&#8221;][vc_row][vc_column][vc_empty_space height=&#8221;64px&#8221;][\/vc_column][\/vc_row][\/vc_section][vc_section el_id=&#8221;intro&#8221;][vc_row][vc_column][vc_column_text el_class=&#8221;mad_section-title-1&#8243;] Eureka! Language Centre Barcelona [\/vc_column_text][vc_column_text el_class=&#8221;mad_lg&#8221;] Eureka! Language Centre Barcelona \u00e9s un nou centre d&#8217;idiomes al cor de Barcelona, \u200b\u200bgestionat per un equip din\u00e0mic, jove i entusiasta. [\/vc_column_text][vc_empty_space height=&#8221;64px&#8221;][\/vc_column][\/vc_row][\/vc_section][vc_section el_id=&#8221;test-nivel&#8221;][vc_row equal_height=&#8221;yes&#8221; content_placement=&#8221;middle&#8221; css=&#8221;.vc_custom_1682426696141{background-color: #e7e7e7 !important;}&#8221;][vc_column parallax=&#8221;content-moving&#8221; parallax_image=&#8221;385&#8243; parallax_speed_bg=&#8221;1.8&#8243; width=&#8221;1\/2&#8243;][\/vc_column][vc_column width=&#8221;1\/2&#8243;][vc_empty_space height=&#8221;64px&#8221;][vc_column_text] TEST DE NIVELL Voleu saber quin \u00e9s el vostre nivell d&#8217;angl\u00e8s? Realitza aquest ... Llegir m\u00e9s\" \/>\n<meta property=\"og:url\" content=\"https:\/\/eurekalc.com\/ca\/inicio\/\" \/>\n<meta property=\"og:site_name\" content=\"Eureka! Language Centre\" \/>\n<meta property=\"article:modified_time\" content=\"2023-09-20T09:21:32+00:00\" \/>\n<meta property=\"og:image\" content=\"https:\/\/eurekalc.com\/wp-content\/uploads\/2023\/04\/logo-Eureka.png\" \/>\n\t<meta property=\"og:image:width\" content=\"478\" \/>\n\t<meta property=\"og:image:height\" content=\"401\" \/>\n\t<meta property=\"og:image:type\" content=\"image\/png\" \/>\n<meta name=\"twitter:card\" content=\"summary_large_image\" \/>\n<meta name=\"twitter:label1\" content=\"Temps estimat de lectura\" \/>\n\t<meta name=\"twitter:data1\" content=\"1 minut\" \/>\n<script type=\"application\/ld+json\" class=\"yoast-schema-graph\">{\"@context\":\"https:\/\/schema.org\",\"@graph\":[{\"@type\":\"WebPage\",\"@id\":\"https:\/\/eurekalc.com\/ca\/inicio\/\",\"url\":\"https:\/\/eurekalc.com\/ca\/inicio\/\",\"name\":\"Inici - Eureka! Language Centre\",\"isPartOf\":{\"@id\":\"https:\/\/eurekalc.com\/ca\/#website\"},\"datePublished\":\"2023-03-28T08:08:18+00:00\",\"dateModified\":\"2023-09-20T09:21:32+00:00\",\"breadcrumb\":{\"@id\":\"https:\/\/eurekalc.com\/ca\/inicio\/#breadcrumb\"},\"inLanguage\":\"ca\",\"potentialAction\":[{\"@type\":\"ReadAction\",\"target\":[\"https:\/\/eurekalc.com\/ca\/inicio\/\"]}]},{\"@type\":\"BreadcrumbList\",\"@id\":\"https:\/\/eurekalc.com\/ca\/inicio\/#breadcrumb\",\"itemListElement\":[{\"@type\":\"ListItem\",\"position\":1,\"name\":\"Portada\",\"item\":\"https:\/\/eurekalc.com\/ca\/\"},{\"@type\":\"ListItem\",\"position\":2,\"name\":\"Inici\"}]},{\"@type\":\"WebSite\",\"@id\":\"https:\/\/eurekalc.com\/ca\/#website\",\"url\":\"https:\/\/eurekalc.com\/ca\/\",\"name\":\"Eureka! Language Centre\",\"description\":\"\",\"publisher\":{\"@id\":\"https:\/\/eurekalc.com\/ca\/#organization\"},\"potentialAction\":[{\"@type\":\"SearchAction\",\"target\":{\"@type\":\"EntryPoint\",\"urlTemplate\":\"https:\/\/eurekalc.com\/ca\/?s={search_term_string}\"},\"query-input\":{\"@type\":\"PropertyValueSpecification\",\"valueRequired\":true,\"valueName\":\"search_term_string\"}}],\"inLanguage\":\"ca\"},{\"@type\":\"Organization\",\"@id\":\"https:\/\/eurekalc.com\/ca\/#organization\",\"name\":\"Eureka! Language Centre\",\"alternateName\":\"Eureka!\",\"url\":\"https:\/\/eurekalc.com\/ca\/\",\"logo\":{\"@type\":\"ImageObject\",\"inLanguage\":\"ca\",\"@id\":\"https:\/\/eurekalc.com\/ca\/#\/schema\/logo\/image\/\",\"url\":\"https:\/\/eurekalc.com\/wp-content\/uploads\/2023\/04\/cropped-logo-Eureka.png\",\"contentUrl\":\"https:\/\/eurekalc.com\/wp-content\/uploads\/2023\/04\/cropped-logo-Eureka.png\",\"width\":273,\"height\":276,\"caption\":\"Eureka! Language Centre\"},\"image\":{\"@id\":\"https:\/\/eurekalc.com\/ca\/#\/schema\/logo\/image\/\"},\"sameAs\":[\"https:\/\/www.instagram.com\/eurekalc\/\"]}]}<\/script>\n<!-- \/ Yoast SEO plugin. -->","yoast_head_json":{"title":"Inici - Eureka! Language Centre","robots":{"index":"index","follow":"follow","max-snippet":"max-snippet:-1","max-image-preview":"max-image-preview:large","max-video-preview":"max-video-preview:-1"},"canonical":"https:\/\/eurekalc.com\/ca\/inicio\/","og_locale":"ca_ES","og_type":"article","og_title":"Inici - Eureka! Language Centre","og_description":"[vc_section full_width=&#8221;stretch_row&#8221; el_id=&#8221;home-slider&#8221;][vc_row][vc_column][vc_empty_space height=&#8221;64px&#8221;][\/vc_column][\/vc_row][\/vc_section][vc_section el_id=&#8221;intro&#8221;][vc_row][vc_column][vc_column_text el_class=&#8221;mad_section-title-1&#8243;] Eureka! Language Centre Barcelona [\/vc_column_text][vc_column_text el_class=&#8221;mad_lg&#8221;] Eureka! Language Centre Barcelona \u00e9s un nou centre d&#8217;idiomes al cor de Barcelona, \u200b\u200bgestionat per un equip din\u00e0mic, jove i entusiasta. [\/vc_column_text][vc_empty_space height=&#8221;64px&#8221;][\/vc_column][\/vc_row][\/vc_section][vc_section el_id=&#8221;test-nivel&#8221;][vc_row equal_height=&#8221;yes&#8221; content_placement=&#8221;middle&#8221; css=&#8221;.vc_custom_1682426696141{background-color: #e7e7e7 !important;}&#8221;][vc_column parallax=&#8221;content-moving&#8221; parallax_image=&#8221;385&#8243; parallax_speed_bg=&#8221;1.8&#8243; width=&#8221;1\/2&#8243;][\/vc_column][vc_column width=&#8221;1\/2&#8243;][vc_empty_space height=&#8221;64px&#8221;][vc_column_text] TEST DE NIVELL Voleu saber quin \u00e9s el vostre nivell d&#8217;angl\u00e8s? Realitza aquest ... Llegir m\u00e9s","og_url":"https:\/\/eurekalc.com\/ca\/inicio\/","og_site_name":"Eureka! Language Centre","article_modified_time":"2023-09-20T09:21:32+00:00","og_image":[{"width":478,"height":401,"url":"https:\/\/eurekalc.com\/wp-content\/uploads\/2023\/04\/logo-Eureka.png","type":"image\/png"}],"twitter_card":"summary_large_image","twitter_misc":{"Temps estimat de lectura":"1 minut"},"schema":{"@context":"https:\/\/schema.org","@graph":[{"@type":"WebPage","@id":"https:\/\/eurekalc.com\/ca\/inicio\/","url":"https:\/\/eurekalc.com\/ca\/inicio\/","name":"Inici - Eureka! Language Centre","isPartOf":{"@id":"https:\/\/eurekalc.com\/ca\/#website"},"datePublished":"2023-03-28T08:08:18+00:00","dateModified":"2023-09-20T09:21:32+00:00","breadcrumb":{"@id":"https:\/\/eurekalc.com\/ca\/inicio\/#breadcrumb"},"inLanguage":"ca","potentialAction":[{"@type":"ReadAction","target":["https:\/\/eurekalc.com\/ca\/inicio\/"]}]},{"@type":"BreadcrumbList","@id":"https:\/\/eurekalc.com\/ca\/inicio\/#breadcrumb","itemListElement":[{"@type":"ListItem","position":1,"name":"Portada","item":"https:\/\/eurekalc.com\/ca\/"},{"@type":"ListItem","position":2,"name":"Inici"}]},{"@type":"WebSite","@id":"https:\/\/eurekalc.com\/ca\/#website","url":"https:\/\/eurekalc.com\/ca\/","name":"Eureka! Language Centre","description":"","publisher":{"@id":"https:\/\/eurekalc.com\/ca\/#organization"},"potentialAction":[{"@type":"SearchAction","target":{"@type":"EntryPoint","urlTemplate":"https:\/\/eurekalc.com\/ca\/?s={search_term_string}"},"query-input":{"@type":"PropertyValueSpecification","valueRequired":true,"valueName":"search_term_string"}}],"inLanguage":"ca"},{"@type":"Organization","@id":"https:\/\/eurekalc.com\/ca\/#organization","name":"Eureka! Language Centre","alternateName":"Eureka!","url":"https:\/\/eurekalc.com\/ca\/","logo":{"@type":"ImageObject","inLanguage":"ca","@id":"https:\/\/eurekalc.com\/ca\/#\/schema\/logo\/image\/","url":"https:\/\/eurekalc.com\/wp-content\/uploads\/2023\/04\/cropped-logo-Eureka.png","contentUrl":"https:\/\/eurekalc.com\/wp-content\/uploads\/2023\/04\/cropped-logo-Eureka.png","width":273,"height":276,"caption":"Eureka! Language Centre"},"image":{"@id":"https:\/\/eurekalc.com\/ca\/#\/schema\/logo\/image\/"},"sameAs":["https:\/\/www.instagram.com\/eurekalc\/"]}]}},"_links":{"self":[{"href":"https:\/\/eurekalc.com\/ca\/wp-json\/wp\/v2\/pages\/287","targetHints":{"allow":["GET"]}}],"collection":[{"href":"https:\/\/eurekalc.com\/ca\/wp-json\/wp\/v2\/pages"}],"about":[{"href":"https:\/\/eurekalc.com\/ca\/wp-json\/wp\/v2\/types\/page"}],"author":[{"embeddable":true,"href":"https:\/\/eurekalc.com\/ca\/wp-json\/wp\/v2\/users\/4"}],"replies":[{"embeddable":true,"href":"https:\/\/eurekalc.com\/ca\/wp-json\/wp\/v2\/comments?post=287"}],"version-history":[{"count":8,"href":"https:\/\/eurekalc.com\/ca\/wp-json\/wp\/v2\/pages\/287\/revisions"}],"predecessor-version":[{"id":1146,"href":"https:\/\/eurekalc.com\/ca\/wp-json\/wp\/v2\/pages\/287\/revisions\/1146"}],"wp:attachment":[{"href":"https:\/\/eurekalc.com\/ca\/wp-json\/wp\/v2\/media?parent=287"}],"curies":[{"name":"wp","href":"https:\/\/api.w.org\/{rel}","templated":true}]}}