{"id":1397,"date":"2023-09-22T08:15:16","date_gmt":"2023-09-22T07:15:16","guid":{"rendered":"https:\/\/eurekalc.com\/?page_id=1397"},"modified":"2023-10-31T09:51:35","modified_gmt":"2023-10-31T08:51:35","slug":"cursos-per-a-empreses","status":"publish","type":"page","link":"https:\/\/eurekalc.com\/ca\/cursos-per-a-empreses\/","title":{"rendered":"Cursos per a Empreses"},"content":{"rendered":"<div class=\"wpb-content-wrapper\"><p>[vc_section][vc_row][vc_column][vc_column_text el_class=&#8221;mad_section-title-1&#8243;]<\/p>\n<h2 style=\"text-align: center;\">Cursos per a Empreses<\/h2>\n<p>[\/vc_column_text][vc_column_text]<span lang=\"ca-ES\">Desenvolupar la teva plantilla \u00e9s crucial no nom\u00e9s per ajudar el teu negoci, sin\u00f3 tamb\u00e9 per ajudar a la teva plantilla a millorar i sentir-se valorada.<\/span><\/p>\n<p><span lang=\"ca-ES\">Oferim classes d&#8217;idiomes on el teu personal pot aprendre una gran varietat d&#8217;idiomes, com ara angl\u00e8s, castell\u00e0, catal\u00e0, itali\u00e0, franc\u00e8s i alemany i amb FUNDAE podr\u00e0s rebre finan\u00e7ament per a cobrir algunes o totes les despeses.<\/span><\/p>\n<p><span lang=\"ca-ES\">Fes clic en un dels seg\u00fcents botons per obtenir m\u00e9s informaci\u00f3 sobre els diferents cursos i si tens qualsevol dubte <\/span><span lang=\"ca-ES\"><i><u>posa\u2019t en contacte amb nosaltres.<\/u><\/i><\/span><\/p>\n<p><span lang=\"ca-ES\"><i><u>Per obtenir informaci\u00f3 sobre les classes subvencionades, visita la nostra p\u00e0gina de FUNDAE.<\/u><\/i><\/span>[\/vc_column_text][vc_empty_space][\/vc_column][\/vc_row][\/vc_section]<\/p>\n<\/div>","protected":false},"excerpt":{"rendered":"<p>[vc_section][vc_row][vc_column][vc_column_text el_class=&#8221;mad_section-title-1&#8243;] Cursos per a Empreses [\/vc_column_text][vc_column_text]Desenvolupar la teva plantilla \u00e9s crucial no nom\u00e9s per ajudar el teu negoci, sin\u00f3 tamb\u00e9 per ajudar a la teva plantilla a millorar i sentir-se valorada. Oferim classes d&#8217;idiomes on el teu personal pot aprendre una gran varietat d&#8217;idiomes, com ara angl\u00e8s, castell\u00e0, catal\u00e0, itali\u00e0, franc\u00e8s i alemany i amb FUNDAE podr\u00e0s rebre finan\u00e7ament &#8230; <\/p>\n<p class=\"read-more-container\"><a title=\"Cursos per a Empreses\" class=\"read-more button\" href=\"https:\/\/eurekalc.com\/ca\/cursos-per-a-empreses\/#more-1397\" aria-label=\"M\u00e9s informaci\u00f3 sobre Cursos per a Empreses\">Llegir m\u00e9s<\/a><\/p>\n","protected":false},"author":4,"featured_media":0,"parent":0,"menu_order":0,"comment_status":"closed","ping_status":"closed","template":"","meta":{"_acf_changed":false,"footnotes":""},"class_list":{"0":"post-1397","1":"page","2":"type-page","3":"status-publish","5":"infinite-scroll-item"},"acf":[],"yoast_head":"<!-- This site is optimized with the Yoast SEO plugin v27.4 - https:\/\/yoast.com\/product\/yoast-seo-wordpress\/ -->\n<title>Cursos per a Empreses - Eureka! Language Centre<\/title>\n<meta name=\"robots\" content=\"index, follow, max-snippet:-1, max-image-preview:large, max-video-preview:-1\" \/>\n<link rel=\"canonical\" href=\"https:\/\/eurekalc.com\/ca\/cursos-per-a-empreses\/\" \/>\n<meta property=\"og:locale\" content=\"ca_ES\" \/>\n<meta property=\"og:type\" content=\"article\" \/>\n<meta property=\"og:title\" content=\"Cursos per a Empreses - Eureka! Language Centre\" \/>\n<meta property=\"og:description\" content=\"[vc_section][vc_row][vc_column][vc_column_text el_class=&#8221;mad_section-title-1&#8243;] Cursos per a Empreses [\/vc_column_text][vc_column_text]Desenvolupar la teva plantilla \u00e9s crucial no nom\u00e9s per ajudar el teu negoci, sin\u00f3 tamb\u00e9 per ajudar a la teva plantilla a millorar i sentir-se valorada. Oferim classes d&#8217;idiomes on el teu personal pot aprendre una gran varietat d&#8217;idiomes, com ara angl\u00e8s, castell\u00e0, catal\u00e0, itali\u00e0, franc\u00e8s i alemany i amb FUNDAE podr\u00e0s rebre finan\u00e7ament ... Llegir m\u00e9s\" \/>\n<meta property=\"og:url\" content=\"https:\/\/eurekalc.com\/ca\/cursos-per-a-empreses\/\" \/>\n<meta property=\"og:site_name\" content=\"Eureka! Language Centre\" \/>\n<meta property=\"article:modified_time\" content=\"2023-10-31T08:51:35+00:00\" \/>\n<meta property=\"og:image\" content=\"https:\/\/eurekalc.com\/wp-content\/uploads\/2023\/04\/logo-Eureka.png\" \/>\n\t<meta property=\"og:image:width\" content=\"478\" \/>\n\t<meta property=\"og:image:height\" content=\"401\" \/>\n\t<meta property=\"og:image:type\" content=\"image\/png\" \/>\n<meta name=\"twitter:card\" content=\"summary_large_image\" \/>\n<meta name=\"twitter:label1\" content=\"Temps estimat de lectura\" \/>\n\t<meta name=\"twitter:data1\" content=\"1 minut\" \/>\n<script type=\"application\/ld+json\" class=\"yoast-schema-graph\">{\"@context\":\"https:\\\/\\\/schema.org\",\"@graph\":[{\"@type\":\"WebPage\",\"@id\":\"https:\\\/\\\/eurekalc.com\\\/ca\\\/cursos-per-a-empreses\\\/\",\"url\":\"https:\\\/\\\/eurekalc.com\\\/ca\\\/cursos-per-a-empreses\\\/\",\"name\":\"Cursos per a Empreses - Eureka! Language Centre\",\"isPartOf\":{\"@id\":\"https:\\\/\\\/eurekalc.com\\\/ca\\\/#website\"},\"datePublished\":\"2023-09-22T07:15:16+00:00\",\"dateModified\":\"2023-10-31T08:51:35+00:00\",\"breadcrumb\":{\"@id\":\"https:\\\/\\\/eurekalc.com\\\/ca\\\/cursos-per-a-empreses\\\/#breadcrumb\"},\"inLanguage\":\"ca\",\"potentialAction\":[{\"@type\":\"ReadAction\",\"target\":[\"https:\\\/\\\/eurekalc.com\\\/ca\\\/cursos-per-a-empreses\\\/\"]}]},{\"@type\":\"BreadcrumbList\",\"@id\":\"https:\\\/\\\/eurekalc.com\\\/ca\\\/cursos-per-a-empreses\\\/#breadcrumb\",\"itemListElement\":[{\"@type\":\"ListItem\",\"position\":1,\"name\":\"Portada\",\"item\":\"https:\\\/\\\/eurekalc.com\\\/ca\\\/\"},{\"@type\":\"ListItem\",\"position\":2,\"name\":\"Cursos per a Empreses\"}]},{\"@type\":\"WebSite\",\"@id\":\"https:\\\/\\\/eurekalc.com\\\/ca\\\/#website\",\"url\":\"https:\\\/\\\/eurekalc.com\\\/ca\\\/\",\"name\":\"Eureka! Language Centre\",\"description\":\"\",\"publisher\":{\"@id\":\"https:\\\/\\\/eurekalc.com\\\/ca\\\/#organization\"},\"potentialAction\":[{\"@type\":\"SearchAction\",\"target\":{\"@type\":\"EntryPoint\",\"urlTemplate\":\"https:\\\/\\\/eurekalc.com\\\/ca\\\/?s={search_term_string}\"},\"query-input\":{\"@type\":\"PropertyValueSpecification\",\"valueRequired\":true,\"valueName\":\"search_term_string\"}}],\"inLanguage\":\"ca\"},{\"@type\":\"Organization\",\"@id\":\"https:\\\/\\\/eurekalc.com\\\/ca\\\/#organization\",\"name\":\"Eureka! Language Centre\",\"alternateName\":\"Eureka!\",\"url\":\"https:\\\/\\\/eurekalc.com\\\/ca\\\/\",\"logo\":{\"@type\":\"ImageObject\",\"inLanguage\":\"ca\",\"@id\":\"https:\\\/\\\/eurekalc.com\\\/ca\\\/#\\\/schema\\\/logo\\\/image\\\/\",\"url\":\"https:\\\/\\\/eurekalc.com\\\/wp-content\\\/uploads\\\/2023\\\/04\\\/cropped-logo-Eureka.png\",\"contentUrl\":\"https:\\\/\\\/eurekalc.com\\\/wp-content\\\/uploads\\\/2023\\\/04\\\/cropped-logo-Eureka.png\",\"width\":273,\"height\":276,\"caption\":\"Eureka! Language Centre\"},\"image\":{\"@id\":\"https:\\\/\\\/eurekalc.com\\\/ca\\\/#\\\/schema\\\/logo\\\/image\\\/\"},\"sameAs\":[\"https:\\\/\\\/www.instagram.com\\\/eurekalc\\\/\"]}]}<\/script>\n<!-- \/ Yoast SEO plugin. -->","yoast_head_json":{"title":"Cursos per a Empreses - Eureka! Language Centre","robots":{"index":"index","follow":"follow","max-snippet":"max-snippet:-1","max-image-preview":"max-image-preview:large","max-video-preview":"max-video-preview:-1"},"canonical":"https:\/\/eurekalc.com\/ca\/cursos-per-a-empreses\/","og_locale":"ca_ES","og_type":"article","og_title":"Cursos per a Empreses - Eureka! Language Centre","og_description":"[vc_section][vc_row][vc_column][vc_column_text el_class=&#8221;mad_section-title-1&#8243;] Cursos per a Empreses [\/vc_column_text][vc_column_text]Desenvolupar la teva plantilla \u00e9s crucial no nom\u00e9s per ajudar el teu negoci, sin\u00f3 tamb\u00e9 per ajudar a la teva plantilla a millorar i sentir-se valorada. Oferim classes d&#8217;idiomes on el teu personal pot aprendre una gran varietat d&#8217;idiomes, com ara angl\u00e8s, castell\u00e0, catal\u00e0, itali\u00e0, franc\u00e8s i alemany i amb FUNDAE podr\u00e0s rebre finan\u00e7ament ... Llegir m\u00e9s","og_url":"https:\/\/eurekalc.com\/ca\/cursos-per-a-empreses\/","og_site_name":"Eureka! Language Centre","article_modified_time":"2023-10-31T08:51:35+00:00","og_image":[{"width":478,"height":401,"url":"https:\/\/eurekalc.com\/wp-content\/uploads\/2023\/04\/logo-Eureka.png","type":"image\/png"}],"twitter_card":"summary_large_image","twitter_misc":{"Temps estimat de lectura":"1 minut"},"schema":{"@context":"https:\/\/schema.org","@graph":[{"@type":"WebPage","@id":"https:\/\/eurekalc.com\/ca\/cursos-per-a-empreses\/","url":"https:\/\/eurekalc.com\/ca\/cursos-per-a-empreses\/","name":"Cursos per a Empreses - Eureka! Language Centre","isPartOf":{"@id":"https:\/\/eurekalc.com\/ca\/#website"},"datePublished":"2023-09-22T07:15:16+00:00","dateModified":"2023-10-31T08:51:35+00:00","breadcrumb":{"@id":"https:\/\/eurekalc.com\/ca\/cursos-per-a-empreses\/#breadcrumb"},"inLanguage":"ca","potentialAction":[{"@type":"ReadAction","target":["https:\/\/eurekalc.com\/ca\/cursos-per-a-empreses\/"]}]},{"@type":"BreadcrumbList","@id":"https:\/\/eurekalc.com\/ca\/cursos-per-a-empreses\/#breadcrumb","itemListElement":[{"@type":"ListItem","position":1,"name":"Portada","item":"https:\/\/eurekalc.com\/ca\/"},{"@type":"ListItem","position":2,"name":"Cursos per a Empreses"}]},{"@type":"WebSite","@id":"https:\/\/eurekalc.com\/ca\/#website","url":"https:\/\/eurekalc.com\/ca\/","name":"Eureka! Language Centre","description":"","publisher":{"@id":"https:\/\/eurekalc.com\/ca\/#organization"},"potentialAction":[{"@type":"SearchAction","target":{"@type":"EntryPoint","urlTemplate":"https:\/\/eurekalc.com\/ca\/?s={search_term_string}"},"query-input":{"@type":"PropertyValueSpecification","valueRequired":true,"valueName":"search_term_string"}}],"inLanguage":"ca"},{"@type":"Organization","@id":"https:\/\/eurekalc.com\/ca\/#organization","name":"Eureka! Language Centre","alternateName":"Eureka!","url":"https:\/\/eurekalc.com\/ca\/","logo":{"@type":"ImageObject","inLanguage":"ca","@id":"https:\/\/eurekalc.com\/ca\/#\/schema\/logo\/image\/","url":"https:\/\/eurekalc.com\/wp-content\/uploads\/2023\/04\/cropped-logo-Eureka.png","contentUrl":"https:\/\/eurekalc.com\/wp-content\/uploads\/2023\/04\/cropped-logo-Eureka.png","width":273,"height":276,"caption":"Eureka! Language Centre"},"image":{"@id":"https:\/\/eurekalc.com\/ca\/#\/schema\/logo\/image\/"},"sameAs":["https:\/\/www.instagram.com\/eurekalc\/"]}]}},"_links":{"self":[{"href":"https:\/\/eurekalc.com\/ca\/wp-json\/wp\/v2\/pages\/1397","targetHints":{"allow":["GET"]}}],"collection":[{"href":"https:\/\/eurekalc.com\/ca\/wp-json\/wp\/v2\/pages"}],"about":[{"href":"https:\/\/eurekalc.com\/ca\/wp-json\/wp\/v2\/types\/page"}],"author":[{"embeddable":true,"href":"https:\/\/eurekalc.com\/ca\/wp-json\/wp\/v2\/users\/4"}],"replies":[{"embeddable":true,"href":"https:\/\/eurekalc.com\/ca\/wp-json\/wp\/v2\/comments?post=1397"}],"version-history":[{"count":1,"href":"https:\/\/eurekalc.com\/ca\/wp-json\/wp\/v2\/pages\/1397\/revisions"}],"predecessor-version":[{"id":1400,"href":"https:\/\/eurekalc.com\/ca\/wp-json\/wp\/v2\/pages\/1397\/revisions\/1400"}],"wp:attachment":[{"href":"https:\/\/eurekalc.com\/ca\/wp-json\/wp\/v2\/media?parent=1397"}],"curies":[{"name":"wp","href":"https:\/\/api.w.org\/{rel}","templated":true}]}}