{"id":1392,"date":"2023-09-22T08:07:51","date_gmt":"2023-09-22T07:07:51","guid":{"rendered":"https:\/\/eurekalc.com\/?page_id=1392"},"modified":"2023-10-31T09:50:19","modified_gmt":"2023-10-31T08:50:19","slug":"crea-el-teu-propi-curs","status":"publish","type":"page","link":"https:\/\/eurekalc.com\/ca\/crea-el-teu-propi-curs\/","title":{"rendered":"Crea el teu propi curs"},"content":{"rendered":"<div class=\"wpb-content-wrapper\"><p>[vc_section full_width=&#8221;stretch_row&#8221; css=&#8221;.vc_custom_1688721325000{padding-top: 0px !important;padding-bottom: 0px !important;background-image: url(https:\/\/eurekalc.com\/wp-content\/uploads\/2023\/07\/2020_03_09-EUREKA-ACADEMIA-70.jpg?id=648) !important;background-position: center !important;background-repeat: no-repeat !important;background-size: cover !important;}&#8221; el_class=&#8221;empresas&#8221;][vc_row full_width=&#8221;stretch_row&#8221; bg_type=&#8221;bg_color&#8221; bg_color_value=&#8221;rgba(0,0,0,0.6)&#8221; css=&#8221;.vc_custom_1688718967479{padding-top: 50px !important;padding-bottom: 50px !important;}&#8221;][vc_column width=&#8221;1\/2&#8243;][vc_column_text el_class=&#8221;text-white pc-padding-30&#8243;]<\/p>\n<h1>Crea el teu<br \/>\npropi curs<\/h1>\n<p class=\"western\" lang=\"en-GB\"><span lang=\"ca-ES\">Tot i que oferim una \u00e0mplia gamma de cursos, sabem que de vegades \u00e9s necess\u00e0ria una cosa m\u00e9s espec\u00edfica per a les teves necessitats.<\/span><\/p>\n<p class=\"western\" lang=\"en-GB\"><span lang=\"ca-ES\">Per ajudar-te a fer-ho, t&#8217;oferim l\u2019opci\u00f3 \u201cCrea el teu propi curs\u201d.<\/span><\/p>\n<p class=\"western\" lang=\"en-GB\"><span lang=\"ca-ES\">Tant si necessites un curs individual amb un objectiu espec\u00edfic, com ara preparar una feina, una entrevista, com si vols aprendre en un grup tancat amb els teus amics, estarem encantats de parlar-ne i trobar una soluci\u00f3 flexible.<\/span><\/p>\n<p>[\/vc_column_text][\/vc_column][vc_column width=&#8221;1\/2&#8243;][vc_empty_space height=&#8221;16px&#8221;]\n<div class=\"wpcf7 no-js\" id=\"wpcf7-f1005-o1\" lang=\"ca\" dir=\"ltr\" data-wpcf7-id=\"1005\">\n<div class=\"screen-reader-response\"><p role=\"status\" aria-live=\"polite\" aria-atomic=\"true\"><\/p> <ul><\/ul><\/div>\n<form action=\"\/ca\/wp-json\/wp\/v2\/pages\/1392#wpcf7-f1005-o1\" method=\"post\" class=\"wpcf7-form init\" aria-label=\"Formulari de contacte\" novalidate=\"novalidate\" data-status=\"init\">\n<fieldset class=\"hidden-fields-container\"><input type=\"hidden\" name=\"_wpcf7\" value=\"1005\" \/><input type=\"hidden\" name=\"_wpcf7_version\" value=\"6.1.5\" \/><input type=\"hidden\" name=\"_wpcf7_locale\" value=\"ca\" \/><input type=\"hidden\" name=\"_wpcf7_unit_tag\" value=\"wpcf7-f1005-o1\" \/><input type=\"hidden\" name=\"_wpcf7_container_post\" value=\"0\" \/><input type=\"hidden\" name=\"_wpcf7_posted_data_hash\" value=\"\" \/><input type=\"hidden\" name=\"_wpcf7_recaptcha_response\" value=\"\" \/>\n<\/fieldset>\n<div class=\"mad_cf7\">\n\t<div class=\"vc_col-xs-12\">\n\t\t<h4>Demana'ns la informaci\u00f3 que necessitis\n\t\t<\/h4>\n\t<\/div>\n\t<p><span class=\"wpcf7-form-control-wrap\" data-name=\"tu-nombre\"><input size=\"40\" maxlength=\"400\" class=\"wpcf7-form-control wpcf7-text wpcf7-validates-as-required\" aria-required=\"true\" aria-invalid=\"false\" placeholder=\"Nom *\" value=\"\" type=\"text\" name=\"tu-nombre\" \/><\/span><br \/>\n<span class=\"wpcf7-form-control-wrap\" data-name=\"tu-tel\"><input size=\"40\" maxlength=\"400\" class=\"wpcf7-form-control wpcf7-tel wpcf7-text wpcf7-validates-as-tel\" aria-invalid=\"false\" placeholder=\"Tel\u00e8fon *\" value=\"\" type=\"tel\" name=\"tu-tel\" \/><\/span>\n\t<\/p>\n\t<p><span class=\"wpcf7-form-control-wrap\" data-name=\"tu-email\"><input size=\"40\" maxlength=\"400\" class=\"wpcf7-form-control wpcf7-email wpcf7-validates-as-required wpcf7-text wpcf7-validates-as-email\" aria-required=\"true\" aria-invalid=\"false\" placeholder=\"Correu electr\u00f2nic *\" value=\"\" type=\"email\" name=\"tu-email\" \/><\/span><br \/>\n<span class=\"wpcf7-form-control-wrap\" data-name=\"tu-empresa\"><input size=\"40\" maxlength=\"400\" class=\"wpcf7-form-control wpcf7-text wpcf7-validates-as-required\" aria-required=\"true\" aria-invalid=\"false\" placeholder=\"Empresa *\" value=\"\" type=\"text\" name=\"tu-empresa\" \/><\/span>\n\t<\/p>\n\t<div style=\"clear: both\">\n\t<\/div>\n\t<p><span class=\"wpcf7-form-control-wrap\" data-name=\"tu-mensaje\"><textarea cols=\"40\" rows=\"4\" maxlength=\"2000\" class=\"wpcf7-form-control wpcf7-textarea wpcf7-validates-as-required\" aria-required=\"true\" aria-invalid=\"false\" placeholder=\"El teu missate *\" name=\"tu-mensaje\"><\/textarea><\/span>\n\t<\/p>\n\t<p><span class=\"obligatorios\">* camps obligatoris<\/span>\n\t<\/p>\n\t<p><span class=\"wpcf7-form-control-wrap\" data-name=\"acceptance-310\"><span class=\"wpcf7-form-control wpcf7-acceptance\"><span class=\"wpcf7-list-item\"><label><input type=\"checkbox\" name=\"acceptance-310\" value=\"1\" class=\"accept\" aria-invalid=\"false\" \/><span class=\"wpcf7-list-item-label\">He lleit i accepto la<a href=\"https:\/\/eurekalc.com\/ca\/politica-de-privacitat\/\">Pol\u00edtica de privacitat<\/a>.<\/span><\/label><\/span><\/span><\/span>\n\t<\/p>\n\t<p><input class=\"wpcf7-form-control wpcf7-submit has-spinner c7b_boton-enviar\" type=\"submit\" value=\"Enviar\" \/>\n\t<\/p>\n<\/div><div class=\"wpcf7-response-output\" aria-hidden=\"true\"><\/div>\n<\/form>\n<\/div>\n[\/vc_column][\/vc_row][\/vc_section]<\/p>\n<\/div>","protected":false},"excerpt":{"rendered":"<p>[vc_section full_width=&#8221;stretch_row&#8221; css=&#8221;.vc_custom_1688721325000{padding-top: 0px !important;padding-bottom: 0px !important;background-image: url(https:\/\/eurekalc.com\/wp-content\/uploads\/2023\/07\/2020_03_09-EUREKA-ACADEMIA-70.jpg?id=648) !important;background-position: center !important;background-repeat: no-repeat !important;background-size: cover !important;}&#8221; el_class=&#8221;empresas&#8221;][vc_row full_width=&#8221;stretch_row&#8221; bg_type=&#8221;bg_color&#8221; bg_color_value=&#8221;rgba(0,0,0,0.6)&#8221; css=&#8221;.vc_custom_1688718967479{padding-top: 50px !important;padding-bottom: 50px !important;}&#8221;][vc_column width=&#8221;1\/2&#8243;][vc_column_text el_class=&#8221;text-white pc-padding-30&#8243;] Crea el teu propi curs Tot i que oferim una \u00e0mplia gamma de cursos, sabem que de vegades \u00e9s necess\u00e0ria una cosa m\u00e9s espec\u00edfica per a les teves necessitats. Per ajudar-te a fer-ho, &#8230; <\/p>\n<p class=\"read-more-container\"><a title=\"Crea el teu propi curs\" class=\"read-more button\" href=\"https:\/\/eurekalc.com\/ca\/crea-el-teu-propi-curs\/#more-1392\" aria-label=\"M\u00e9s informaci\u00f3 sobre Crea el teu propi curs\">Llegir m\u00e9s<\/a><\/p>\n","protected":false},"author":4,"featured_media":0,"parent":0,"menu_order":0,"comment_status":"closed","ping_status":"closed","template":"","meta":{"_acf_changed":false,"footnotes":""},"class_list":{"0":"post-1392","1":"page","2":"type-page","3":"status-publish","5":"infinite-scroll-item"},"acf":[],"yoast_head":"<!-- This site is optimized with the Yoast SEO plugin v27.2 - https:\/\/yoast.com\/product\/yoast-seo-wordpress\/ -->\n<title>Crea el teu propi curs - Eureka! Language Centre<\/title>\n<meta name=\"robots\" content=\"index, follow, max-snippet:-1, max-image-preview:large, max-video-preview:-1\" \/>\n<link rel=\"canonical\" href=\"https:\/\/eurekalc.com\/ca\/crea-el-teu-propi-curs\/\" \/>\n<meta property=\"og:locale\" content=\"ca_ES\" \/>\n<meta property=\"og:type\" content=\"article\" \/>\n<meta property=\"og:title\" content=\"Crea el teu propi curs - Eureka! Language Centre\" \/>\n<meta property=\"og:description\" content=\"[vc_section full_width=&#8221;stretch_row&#8221; css=&#8221;.vc_custom_1688721325000{padding-top: 0px !important;padding-bottom: 0px !important;background-image: url(https:\/\/eurekalc.com\/wp-content\/uploads\/2023\/07\/2020_03_09-EUREKA-ACADEMIA-70.jpg?id=648) !important;background-position: center !important;background-repeat: no-repeat !important;background-size: cover !important;}&#8221; el_class=&#8221;empresas&#8221;][vc_row full_width=&#8221;stretch_row&#8221; bg_type=&#8221;bg_color&#8221; bg_color_value=&#8221;rgba(0,0,0,0.6)&#8221; css=&#8221;.vc_custom_1688718967479{padding-top: 50px !important;padding-bottom: 50px !important;}&#8221;][vc_column width=&#8221;1\/2&#8243;][vc_column_text el_class=&#8221;text-white pc-padding-30&#8243;] Crea el teu propi curs Tot i que oferim una \u00e0mplia gamma de cursos, sabem que de vegades \u00e9s necess\u00e0ria una cosa m\u00e9s espec\u00edfica per a les teves necessitats. Per ajudar-te a fer-ho, ... Llegir m\u00e9s\" \/>\n<meta property=\"og:url\" content=\"https:\/\/eurekalc.com\/ca\/crea-el-teu-propi-curs\/\" \/>\n<meta property=\"og:site_name\" content=\"Eureka! Language Centre\" \/>\n<meta property=\"article:modified_time\" content=\"2023-10-31T08:50:19+00:00\" \/>\n<meta property=\"og:image\" content=\"https:\/\/eurekalc.com\/wp-content\/uploads\/2023\/04\/logo-Eureka.png\" \/>\n\t<meta property=\"og:image:width\" content=\"478\" \/>\n\t<meta property=\"og:image:height\" content=\"401\" \/>\n\t<meta property=\"og:image:type\" content=\"image\/png\" \/>\n<meta name=\"twitter:card\" content=\"summary_large_image\" \/>\n<meta name=\"twitter:label1\" content=\"Temps estimat de lectura\" \/>\n\t<meta name=\"twitter:data1\" content=\"1 minut\" \/>\n<script type=\"application\/ld+json\" class=\"yoast-schema-graph\">{\"@context\":\"https:\/\/schema.org\",\"@graph\":[{\"@type\":\"WebPage\",\"@id\":\"https:\/\/eurekalc.com\/ca\/crea-el-teu-propi-curs\/\",\"url\":\"https:\/\/eurekalc.com\/ca\/crea-el-teu-propi-curs\/\",\"name\":\"Crea el teu propi curs - Eureka! Language Centre\",\"isPartOf\":{\"@id\":\"https:\/\/eurekalc.com\/ca\/#website\"},\"datePublished\":\"2023-09-22T07:07:51+00:00\",\"dateModified\":\"2023-10-31T08:50:19+00:00\",\"breadcrumb\":{\"@id\":\"https:\/\/eurekalc.com\/ca\/crea-el-teu-propi-curs\/#breadcrumb\"},\"inLanguage\":\"ca\",\"potentialAction\":[{\"@type\":\"ReadAction\",\"target\":[\"https:\/\/eurekalc.com\/ca\/crea-el-teu-propi-curs\/\"]}]},{\"@type\":\"BreadcrumbList\",\"@id\":\"https:\/\/eurekalc.com\/ca\/crea-el-teu-propi-curs\/#breadcrumb\",\"itemListElement\":[{\"@type\":\"ListItem\",\"position\":1,\"name\":\"Portada\",\"item\":\"https:\/\/eurekalc.com\/ca\/\"},{\"@type\":\"ListItem\",\"position\":2,\"name\":\"Crea el teu propi curs\"}]},{\"@type\":\"WebSite\",\"@id\":\"https:\/\/eurekalc.com\/ca\/#website\",\"url\":\"https:\/\/eurekalc.com\/ca\/\",\"name\":\"Eureka! Language Centre\",\"description\":\"\",\"publisher\":{\"@id\":\"https:\/\/eurekalc.com\/ca\/#organization\"},\"potentialAction\":[{\"@type\":\"SearchAction\",\"target\":{\"@type\":\"EntryPoint\",\"urlTemplate\":\"https:\/\/eurekalc.com\/ca\/?s={search_term_string}\"},\"query-input\":{\"@type\":\"PropertyValueSpecification\",\"valueRequired\":true,\"valueName\":\"search_term_string\"}}],\"inLanguage\":\"ca\"},{\"@type\":\"Organization\",\"@id\":\"https:\/\/eurekalc.com\/ca\/#organization\",\"name\":\"Eureka! Language Centre\",\"alternateName\":\"Eureka!\",\"url\":\"https:\/\/eurekalc.com\/ca\/\",\"logo\":{\"@type\":\"ImageObject\",\"inLanguage\":\"ca\",\"@id\":\"https:\/\/eurekalc.com\/ca\/#\/schema\/logo\/image\/\",\"url\":\"https:\/\/eurekalc.com\/wp-content\/uploads\/2023\/04\/cropped-logo-Eureka.png\",\"contentUrl\":\"https:\/\/eurekalc.com\/wp-content\/uploads\/2023\/04\/cropped-logo-Eureka.png\",\"width\":273,\"height\":276,\"caption\":\"Eureka! Language Centre\"},\"image\":{\"@id\":\"https:\/\/eurekalc.com\/ca\/#\/schema\/logo\/image\/\"},\"sameAs\":[\"https:\/\/www.instagram.com\/eurekalc\/\"]}]}<\/script>\n<!-- \/ Yoast SEO plugin. -->","yoast_head_json":{"title":"Crea el teu propi curs - Eureka! Language Centre","robots":{"index":"index","follow":"follow","max-snippet":"max-snippet:-1","max-image-preview":"max-image-preview:large","max-video-preview":"max-video-preview:-1"},"canonical":"https:\/\/eurekalc.com\/ca\/crea-el-teu-propi-curs\/","og_locale":"ca_ES","og_type":"article","og_title":"Crea el teu propi curs - Eureka! Language Centre","og_description":"[vc_section full_width=&#8221;stretch_row&#8221; css=&#8221;.vc_custom_1688721325000{padding-top: 0px !important;padding-bottom: 0px !important;background-image: url(https:\/\/eurekalc.com\/wp-content\/uploads\/2023\/07\/2020_03_09-EUREKA-ACADEMIA-70.jpg?id=648) !important;background-position: center !important;background-repeat: no-repeat !important;background-size: cover !important;}&#8221; el_class=&#8221;empresas&#8221;][vc_row full_width=&#8221;stretch_row&#8221; bg_type=&#8221;bg_color&#8221; bg_color_value=&#8221;rgba(0,0,0,0.6)&#8221; css=&#8221;.vc_custom_1688718967479{padding-top: 50px !important;padding-bottom: 50px !important;}&#8221;][vc_column width=&#8221;1\/2&#8243;][vc_column_text el_class=&#8221;text-white pc-padding-30&#8243;] Crea el teu propi curs Tot i que oferim una \u00e0mplia gamma de cursos, sabem que de vegades \u00e9s necess\u00e0ria una cosa m\u00e9s espec\u00edfica per a les teves necessitats. Per ajudar-te a fer-ho, ... Llegir m\u00e9s","og_url":"https:\/\/eurekalc.com\/ca\/crea-el-teu-propi-curs\/","og_site_name":"Eureka! Language Centre","article_modified_time":"2023-10-31T08:50:19+00:00","og_image":[{"width":478,"height":401,"url":"https:\/\/eurekalc.com\/wp-content\/uploads\/2023\/04\/logo-Eureka.png","type":"image\/png"}],"twitter_card":"summary_large_image","twitter_misc":{"Temps estimat de lectura":"1 minut"},"schema":{"@context":"https:\/\/schema.org","@graph":[{"@type":"WebPage","@id":"https:\/\/eurekalc.com\/ca\/crea-el-teu-propi-curs\/","url":"https:\/\/eurekalc.com\/ca\/crea-el-teu-propi-curs\/","name":"Crea el teu propi curs - Eureka! Language Centre","isPartOf":{"@id":"https:\/\/eurekalc.com\/ca\/#website"},"datePublished":"2023-09-22T07:07:51+00:00","dateModified":"2023-10-31T08:50:19+00:00","breadcrumb":{"@id":"https:\/\/eurekalc.com\/ca\/crea-el-teu-propi-curs\/#breadcrumb"},"inLanguage":"ca","potentialAction":[{"@type":"ReadAction","target":["https:\/\/eurekalc.com\/ca\/crea-el-teu-propi-curs\/"]}]},{"@type":"BreadcrumbList","@id":"https:\/\/eurekalc.com\/ca\/crea-el-teu-propi-curs\/#breadcrumb","itemListElement":[{"@type":"ListItem","position":1,"name":"Portada","item":"https:\/\/eurekalc.com\/ca\/"},{"@type":"ListItem","position":2,"name":"Crea el teu propi curs"}]},{"@type":"WebSite","@id":"https:\/\/eurekalc.com\/ca\/#website","url":"https:\/\/eurekalc.com\/ca\/","name":"Eureka! Language Centre","description":"","publisher":{"@id":"https:\/\/eurekalc.com\/ca\/#organization"},"potentialAction":[{"@type":"SearchAction","target":{"@type":"EntryPoint","urlTemplate":"https:\/\/eurekalc.com\/ca\/?s={search_term_string}"},"query-input":{"@type":"PropertyValueSpecification","valueRequired":true,"valueName":"search_term_string"}}],"inLanguage":"ca"},{"@type":"Organization","@id":"https:\/\/eurekalc.com\/ca\/#organization","name":"Eureka! Language Centre","alternateName":"Eureka!","url":"https:\/\/eurekalc.com\/ca\/","logo":{"@type":"ImageObject","inLanguage":"ca","@id":"https:\/\/eurekalc.com\/ca\/#\/schema\/logo\/image\/","url":"https:\/\/eurekalc.com\/wp-content\/uploads\/2023\/04\/cropped-logo-Eureka.png","contentUrl":"https:\/\/eurekalc.com\/wp-content\/uploads\/2023\/04\/cropped-logo-Eureka.png","width":273,"height":276,"caption":"Eureka! Language Centre"},"image":{"@id":"https:\/\/eurekalc.com\/ca\/#\/schema\/logo\/image\/"},"sameAs":["https:\/\/www.instagram.com\/eurekalc\/"]}]}},"_links":{"self":[{"href":"https:\/\/eurekalc.com\/ca\/wp-json\/wp\/v2\/pages\/1392","targetHints":{"allow":["GET"]}}],"collection":[{"href":"https:\/\/eurekalc.com\/ca\/wp-json\/wp\/v2\/pages"}],"about":[{"href":"https:\/\/eurekalc.com\/ca\/wp-json\/wp\/v2\/types\/page"}],"author":[{"embeddable":true,"href":"https:\/\/eurekalc.com\/ca\/wp-json\/wp\/v2\/users\/4"}],"replies":[{"embeddable":true,"href":"https:\/\/eurekalc.com\/ca\/wp-json\/wp\/v2\/comments?post=1392"}],"version-history":[{"count":3,"href":"https:\/\/eurekalc.com\/ca\/wp-json\/wp\/v2\/pages\/1392\/revisions"}],"predecessor-version":[{"id":1464,"href":"https:\/\/eurekalc.com\/ca\/wp-json\/wp\/v2\/pages\/1392\/revisions\/1464"}],"wp:attachment":[{"href":"https:\/\/eurekalc.com\/ca\/wp-json\/wp\/v2\/media?parent=1392"}],"curies":[{"name":"wp","href":"https:\/\/api.w.org\/{rel}","templated":true}]}}